{"id":8,"date":"2024-05-23T22:20:04","date_gmt":"2024-05-23T22:20:04","guid":{"rendered":"https:\/\/mercuriag.ch\/wordpress\/?page_id=8"},"modified":"2024-12-14T18:00:29","modified_gmt":"2024-12-14T18:00:29","slug":"8-2","status":"publish","type":"page","link":"https:\/\/mercuriag.ch\/","title":{"rendered":"F\u00fcr Sie da!"},"content":{"rendered":"\n<figure class=\"wp-block-gallery has-nested-images columns-default is-cropped wp-block-gallery-1 is-layout-flex wp-block-gallery-is-layout-flex\">\n<figure class=\"wp-block-image size-full is-style-default\"><img loading=\"lazy\" decoding=\"async\" width=\"769\" height=\"289\" data-id=\"10\" src=\"https:\/\/mercuriag.ch\/wordpress\/wp-content\/uploads\/2024\/05\/Logo-Mercuri-fuer-Website.jpg\" alt=\"\" class=\"wp-image-10\" srcset=\"https:\/\/mercuriag.ch\/wp-content\/uploads\/2024\/05\/Logo-Mercuri-fuer-Website.jpg 769w, https:\/\/mercuriag.ch\/wp-content\/uploads\/2024\/05\/Logo-Mercuri-fuer-Website-300x113.jpg 300w\" sizes=\"auto, (max-width: 769px) 100vw, 769px\" \/><\/figure>\n<\/figure>\n\n\n\n<p>Mercuri AG ist ein Dienstleistungsanbieter f\u00fcr die Industrie.<\/p>\n\n\n\n<p>Mit Sitz in der Schweiz, nahe der Stadt Basel, sind wir schwergewichtig f\u00fcr die europ\u00e4ische Automobilindustrie t\u00e4tig.<\/p>\n\n\n\n<p>Von unserem Standort aus pflegen wir ein internationales Beziehungsnetz. Dies schafft unseren Kunden Vorteile, die sich in geringen Produktionskosten niederschlagen.<\/p>\n\n\n\n<p>mercuri ag<br>Neuhofweg 53  (Andlau-Park)<br>4147 Aesch BL<\/p>\n\n\n\n<p>Fon +41 61 701 17 58<\/p>\n\n\n\n<p>Mail: info(at)mercuriag.ch<\/p>\n\n\n\n<figure class=\"wp-block-image size-large\"><img loading=\"lazy\" decoding=\"async\" width=\"1024\" height=\"768\" src=\"https:\/\/mercuriag.ch\/wp-content\/uploads\/2024\/12\/Andlau-Park-Aesch-1024x768.jpg\" alt=\"\" class=\"wp-image-16\" srcset=\"https:\/\/mercuriag.ch\/wp-content\/uploads\/2024\/12\/Andlau-Park-Aesch-1024x768.jpg 1024w, https:\/\/mercuriag.ch\/wp-content\/uploads\/2024\/12\/Andlau-Park-Aesch-300x225.jpg 300w, https:\/\/mercuriag.ch\/wp-content\/uploads\/2024\/12\/Andlau-Park-Aesch-768x576.jpg 768w, https:\/\/mercuriag.ch\/wp-content\/uploads\/2024\/12\/Andlau-Park-Aesch-1536x1152.jpg 1536w, https:\/\/mercuriag.ch\/wp-content\/uploads\/2024\/12\/Andlau-Park-Aesch-1568x1176.jpg 1568w, https:\/\/mercuriag.ch\/wp-content\/uploads\/2024\/12\/Andlau-Park-Aesch.jpg 2000w\" sizes=\"auto, (max-width: 1024px) 100vw, 1024px\" \/><\/figure>\n","protected":false},"excerpt":{"rendered":"<p>Mercuri AG ist ein Dienstleistungsanbieter f\u00fcr die Industrie. Mit Sitz in der Schweiz, nahe der Stadt Basel, sind wir schwergewichtig f\u00fcr die europ\u00e4ische Automobilindustrie t\u00e4tig. Von unserem Standort aus pflegen wir ein internationales Beziehungsnetz. Dies schafft unseren Kunden Vorteile, die sich in geringen Produktionskosten niederschlagen. mercuri agNeuhofweg 53 (Andlau-Park)4147 Aesch BL Fon +41 61 701&hellip; <a class=\"more-link\" href=\"https:\/\/mercuriag.ch\/\"><span class=\"screen-reader-text\">F\u00fcr Sie da!<\/span> weiterlesen<\/a><\/p>\n","protected":false},"author":1,"featured_media":0,"parent":0,"menu_order":0,"comment_status":"closed","ping_status":"closed","template":"","meta":{"footnotes":""},"class_list":["post-8","page","type-page","status-publish","hentry","entry"],"_links":{"self":[{"href":"https:\/\/mercuriag.ch\/index.php\/wp-json\/wp\/v2\/pages\/8","targetHints":{"allow":["GET"]}}],"collection":[{"href":"https:\/\/mercuriag.ch\/index.php\/wp-json\/wp\/v2\/pages"}],"about":[{"href":"https:\/\/mercuriag.ch\/index.php\/wp-json\/wp\/v2\/types\/page"}],"author":[{"embeddable":true,"href":"https:\/\/mercuriag.ch\/index.php\/wp-json\/wp\/v2\/users\/1"}],"replies":[{"embeddable":true,"href":"https:\/\/mercuriag.ch\/index.php\/wp-json\/wp\/v2\/comments?post=8"}],"version-history":[{"count":5,"href":"https:\/\/mercuriag.ch\/index.php\/wp-json\/wp\/v2\/pages\/8\/revisions"}],"predecessor-version":[{"id":19,"href":"https:\/\/mercuriag.ch\/index.php\/wp-json\/wp\/v2\/pages\/8\/revisions\/19"}],"wp:attachment":[{"href":"https:\/\/mercuriag.ch\/index.php\/wp-json\/wp\/v2\/media?parent=8"}],"curies":[{"name":"wp","href":"https:\/\/api.w.org\/{rel}","templated":true}]}}